{"id":92,"date":"2024-06-22T09:00:47","date_gmt":"2024-06-22T09:00:47","guid":{"rendered":"https:\/\/vietnambonmuahoatrai.com.vn\/?page_id=92"},"modified":"2025-03-04T10:30:56","modified_gmt":"2025-03-04T10:30:56","slug":"san-pham-cua-viet-nam-bon-mua-hoa-trai","status":"publish","type":"page","link":"https:\/\/vietnambonmuahoatrai.com.vn\/en\/san-pham-cua-viet-nam-bon-mua-hoa-trai\/","title":{"rendered":"Our Products"},"content":{"rendered":"<div data-elementor-type=\"wp-page\" data-elementor-id=\"92\" class=\"elementor elementor-92\" data-elementor-post-type=\"page\">\n\t\t\t\t<div class=\"elementor-element elementor-element-1e18c43 e-flex e-con-boxed e-con e-parent\" data-id=\"1e18c43\" data-element_type=\"container\" data-settings=\"{&quot;background_background&quot;:&quot;classic&quot;}\">\n\t\t\t\t\t<div class=\"e-con-inner\">\n\t\t<div class=\"elementor-element elementor-element-f8613b1 e-con-full e-flex e-con e-child\" data-id=\"f8613b1\" data-element_type=\"container\">\n\t\t<div class=\"elementor-element elementor-element-a5188a7 e-con-full e-flex e-con e-child\" data-id=\"a5188a7\" data-element_type=\"container\">\n\t\t\t\t<div class=\"elementor-element elementor-element-e2cefa4 elementor-widget elementor-widget-image\" data-id=\"e2cefa4\" data-element_type=\"widget\" data-widget_type=\"image.default\">\n\t\t\t\t<div class=\"elementor-widget-container\">\n\t\t\t\t\t\t\t\t\t\t\t\t\t\t\t<img fetchpriority=\"high\" decoding=\"async\" width=\"1600\" height=\"1063\" src=\"https:\/\/vietnambonmuahoatrai.com.vn\/wp-content\/uploads\/2025\/01\/Banner-3.png\" class=\"attachment-full size-full wp-image-3314\" alt=\"\" srcset=\"https:\/\/vietnambonmuahoatrai.com.vn\/wp-content\/uploads\/2025\/01\/Banner-3.png 1600w, https:\/\/vietnambonmuahoatrai.com.vn\/wp-content\/uploads\/2025\/01\/Banner-3-300x199.png 300w, https:\/\/vietnambonmuahoatrai.com.vn\/wp-content\/uploads\/2025\/01\/Banner-3-1024x680.png 1024w, https:\/\/vietnambonmuahoatrai.com.vn\/wp-content\/uploads\/2025\/01\/Banner-3-768x510.png 768w, https:\/\/vietnambonmuahoatrai.com.vn\/wp-content\/uploads\/2025\/01\/Banner-3-1536x1020.png 1536w, https:\/\/vietnambonmuahoatrai.com.vn\/wp-content\/uploads\/2025\/01\/Banner-3-18x12.png 18w\" sizes=\"(max-width: 1600px) 100vw, 1600px\" \/>\t\t\t\t\t\t\t\t\t\t\t\t\t\t\t<\/div>\n\t\t\t\t<\/div>\n\t\t\t\t<\/div>\n\t\t<div class=\"elementor-element elementor-element-3437b07 e-con-full e-flex e-con e-child\" data-id=\"3437b07\" data-element_type=\"container\">\n\t\t\t\t<div class=\"elementor-element elementor-element-27cb950 elementor-widget-mobile__width-initial elementor-widget__width-initial elementor-widget elementor-widget-image\" data-id=\"27cb950\" data-element_type=\"widget\" data-widget_type=\"image.default\">\n\t\t\t\t<div class=\"elementor-widget-container\">\n\t\t\t\t\t\t\t\t\t\t\t\t\t\t\t<img decoding=\"async\" width=\"700\" height=\"213\" src=\"https:\/\/vietnambonmuahoatrai.com.vn\/wp-content\/uploads\/2025\/02\/Eng-san-pham-cua-VN4MHT-2.png\" class=\"attachment-large size-large wp-image-3443\" alt=\"\" srcset=\"https:\/\/vietnambonmuahoatrai.com.vn\/wp-content\/uploads\/2025\/02\/Eng-san-pham-cua-VN4MHT-2.png 700w, https:\/\/vietnambonmuahoatrai.com.vn\/wp-content\/uploads\/2025\/02\/Eng-san-pham-cua-VN4MHT-2-300x85.png 300w, https:\/\/vietnambonmuahoatrai.com.vn\/wp-content\/uploads\/2025\/02\/Eng-san-pham-cua-VN4MHT-2-18x5.png 18w\" sizes=\"(max-width: 700px) 100vw, 700px\" \/>\t\t\t\t\t\t\t\t\t\t\t\t\t\t\t<\/div>\n\t\t\t\t<\/div>\n\t\t\t\t<\/div>\n\t\t\t\t<\/div>\n\t\t\t\t\t<\/div>\n\t\t\t\t<\/div>\n\t\t<div class=\"elementor-element elementor-element-ae61382 e-flex e-con-boxed e-con e-parent\" data-id=\"ae61382\" data-element_type=\"container\">\n\t\t\t\t\t<div class=\"e-con-inner\">\n\t\t\t\t<div class=\"elementor-element elementor-element-e93b8ab elementor-widget elementor-widget-heading\" data-id=\"e93b8ab\" data-element_type=\"widget\" data-widget_type=\"heading.default\">\n\t\t\t\t<div class=\"elementor-widget-container\">\n\t\t\t\t\t<h2 class=\"elementor-heading-title elementor-size-default\">Our Products<\/h2>\t\t\t\t<\/div>\n\t\t\t\t<\/div>\n\t\t\t\t\t<\/div>\n\t\t\t\t<\/div>\n\t\t<div class=\"elementor-element elementor-element-ab4be9d e-flex e-con-boxed e-con e-parent\" data-id=\"ab4be9d\" data-element_type=\"container\">\n\t\t\t\t\t<div class=\"e-con-inner\">\n\t\t\t\t<div class=\"elementor-element elementor-element-a9fd6a1 elementor-widget elementor-widget-theweb_categories_menu\" data-id=\"a9fd6a1\" data-element_type=\"widget\" data-widget_type=\"theweb_categories_menu.default\">\n\t\t\t\t<div class=\"elementor-widget-container\">\n\t\t\t\t\t            <!-- Slider main container -->\n\t\t\t\n            <div class=\"swiper categories_menu_carousel\" >\n\t\t\t\t<!-- Additional required wrapper -->\n\t\t\t\t<div class=\"swiper-wrapper\">\n\t\t\t\t\t<!-- Slides -->\n\t\t\t\t\t\t\t\t\t\t<div class=\"swiper-slide\">\n\t\t\t\t\t\t<div class=\"product_term_item\" data-term=\"92\" data-parents-term=\"6\"><img decoding=\"async\" width=\"400\" src=\"https:\/\/vietnambonmuahoatrai.com.vn\/wp-content\/uploads\/2024\/07\/ruou.webp\"\/><h5>Wine<\/h5><\/div>\t\t\t\t\t<\/div>\n\t\t\t\t\t\t\t\t\t\t<div class=\"swiper-slide\">\n\t\t\t\t\t\t<div class=\"product_term_item\" data-term=\"108\" data-parents-term=\"6\"><img decoding=\"async\" width=\"400\" src=\"https:\/\/vietnambonmuahoatrai.com.vn\/wp-content\/uploads\/2024\/08\/cafe.png\"\/><h5>Coffee<\/h5><\/div>\t\t\t\t\t<\/div>\n\t\t\t\t\t\t\t\t\t\t<div class=\"swiper-slide\">\n\t\t\t\t\t\t<div class=\"product_term_item\" data-term=\"95\" data-parents-term=\"6\"><img decoding=\"async\" width=\"400\" src=\"https:\/\/vietnambonmuahoatrai.com.vn\/wp-content\/uploads\/2024\/07\/hat-dinh-duong.webp\"\/><h5>Nutrient Nuts<\/h5><\/div>\t\t\t\t\t<\/div>\n\t\t\t\t\t\t\t\t\t\t<div class=\"swiper-slide\">\n\t\t\t\t\t\t<div class=\"product_term_item\" data-term=\"114\" data-parents-term=\"6\"><img decoding=\"async\" width=\"400\" src=\"https:\/\/vietnambonmuahoatrai.com.vn\/wp-content\/uploads\/2024\/12\/banner-banh-pia-e1733883082442.png\"\/><h5>Fresh Durian Cake<\/h5><\/div>\t\t\t\t\t<\/div>\n\t\t\t\t\t\t\t\t\t\t<div class=\"swiper-slide\">\n\t\t\t\t\t\t<div class=\"product_term_item\" data-term=\"93\" data-parents-term=\"6\"><img decoding=\"async\" width=\"400\" src=\"https:\/\/vietnambonmuahoatrai.com.vn\/wp-content\/uploads\/2024\/07\/hoa-qua-say.webp\"\/><h5>Dried Fruit<\/h5><\/div>\t\t\t\t\t<\/div>\n\t\t\t\t\t\t\t\t\t\t<div class=\"swiper-slide\">\n\t\t\t\t\t\t<div class=\"product_term_item\" data-term=\"94\" data-parents-term=\"6\"><img decoding=\"async\" width=\"400\" src=\"https:\/\/vietnambonmuahoatrai.com.vn\/wp-content\/uploads\/2024\/07\/socola.webp\"\/><h5>B\u00e1nh K\u1eb9o<\/h5><\/div>\t\t\t\t\t<\/div>\n\t\t\t\t\t\t\t\t\t\t<div class=\"swiper-slide\">\n\t\t\t\t\t\t<div class=\"product_term_item\" data-term=\"96\" data-parents-term=\"6\"><img decoding=\"async\" width=\"400\" src=\"https:\/\/vietnambonmuahoatrai.com.vn\/wp-content\/uploads\/2024\/07\/thu-cong-my-nghe.webp\"\/><h5>Handicrafts<\/h5><\/div>\t\t\t\t\t<\/div>\n\t\t\t\t\t\t\t\t\t<\/div>\n\t\t\t\t\t\t\t\t<!-- If we need navigation buttons -->\n\t\t\t\t<div class=\"ms-swiper-button-prev\"><\/div>\n\t\t\t\t<div class=\"ms-swiper-button-next\"><\/div>\n\t\t\t\t            <\/div>\n\t\t\t<div class=\"product-list\" data-parents=\"6\">\n\t\t\t\t<div class=\"danh-sach-san-pham\"><div class=\"san-pham-item\"><a href=\"https:\/\/vietnambonmuahoatrai.com.vn\/en\/san_pham\/ruou-mo-bac-kan\/\"><div class=\"hinh-dai-dien\"><img decoding=\"async\" width=\"1000\" height=\"1000\" src=\"https:\/\/vietnambonmuahoatrai.com.vn\/wp-content\/uploads\/2024\/07\/ruou-mo-sapa-hinh-dai-dien-1000-trans.webp\" class=\"attachment-post-thumbnail size-post-thumbnail wp-post-image\" alt=\"\" srcset=\"https:\/\/vietnambonmuahoatrai.com.vn\/wp-content\/uploads\/2024\/07\/ruou-mo-sapa-hinh-dai-dien-1000-trans.webp 1000w, https:\/\/vietnambonmuahoatrai.com.vn\/wp-content\/uploads\/2024\/07\/ruou-mo-sapa-hinh-dai-dien-1000-trans-300x300.webp 300w, https:\/\/vietnambonmuahoatrai.com.vn\/wp-content\/uploads\/2024\/07\/ruou-mo-sapa-hinh-dai-dien-1000-trans-150x150.webp 150w, https:\/\/vietnambonmuahoatrai.com.vn\/wp-content\/uploads\/2024\/07\/ruou-mo-sapa-hinh-dai-dien-1000-trans-768x768.webp 768w, https:\/\/vietnambonmuahoatrai.com.vn\/wp-content\/uploads\/2024\/07\/ruou-mo-sapa-hinh-dai-dien-1000-trans-12x12.webp 12w\" sizes=\"(max-width: 1000px) 100vw, 1000px\" \/><\/div><div class=\"noi-dung-san-pham\"><div class=\"san-pham-text\"><h4>R\u01b0\u1ee3u M\u01a1 B\u1eafc K\u1ea1n<\/h4><\/div><\/div><\/a><\/div><div class=\"san-pham-item\"><a href=\"https:\/\/vietnambonmuahoatrai.com.vn\/en\/san_pham\/ruou-dau-tam\/\"><div class=\"hinh-dai-dien\"><img loading=\"lazy\" decoding=\"async\" width=\"1000\" height=\"1000\" src=\"https:\/\/vietnambonmuahoatrai.com.vn\/wp-content\/uploads\/2024\/10\/ruou-dau-tam-sapa-hinh-dai-dien-1000-trans.png\" class=\"attachment-post-thumbnail size-post-thumbnail wp-post-image\" alt=\"\" srcset=\"https:\/\/vietnambonmuahoatrai.com.vn\/wp-content\/uploads\/2024\/10\/ruou-dau-tam-sapa-hinh-dai-dien-1000-trans.png 1000w, https:\/\/vietnambonmuahoatrai.com.vn\/wp-content\/uploads\/2024\/10\/ruou-dau-tam-sapa-hinh-dai-dien-1000-trans-300x300.png 300w, https:\/\/vietnambonmuahoatrai.com.vn\/wp-content\/uploads\/2024\/10\/ruou-dau-tam-sapa-hinh-dai-dien-1000-trans-150x150.png 150w, https:\/\/vietnambonmuahoatrai.com.vn\/wp-content\/uploads\/2024\/10\/ruou-dau-tam-sapa-hinh-dai-dien-1000-trans-768x768.png 768w, https:\/\/vietnambonmuahoatrai.com.vn\/wp-content\/uploads\/2024\/10\/ruou-dau-tam-sapa-hinh-dai-dien-1000-trans-12x12.png 12w\" sizes=\"(max-width: 1000px) 100vw, 1000px\" \/><\/div><div class=\"noi-dung-san-pham\"><div class=\"san-pham-text\"><h4>Mulberry Wine<\/h4><\/div><\/div><\/a><\/div><div class=\"san-pham-item\"><a href=\"https:\/\/vietnambonmuahoatrai.com.vn\/en\/san_pham\/ruou-man-sapa\/\"><div class=\"hinh-dai-dien\"><img loading=\"lazy\" decoding=\"async\" width=\"1000\" height=\"1000\" src=\"https:\/\/vietnambonmuahoatrai.com.vn\/wp-content\/uploads\/2024\/10\/ruou-man-sapa-hinh-dai-dien-1000-trans.png\" class=\"attachment-post-thumbnail size-post-thumbnail wp-post-image\" alt=\"\" srcset=\"https:\/\/vietnambonmuahoatrai.com.vn\/wp-content\/uploads\/2024\/10\/ruou-man-sapa-hinh-dai-dien-1000-trans.png 1000w, https:\/\/vietnambonmuahoatrai.com.vn\/wp-content\/uploads\/2024\/10\/ruou-man-sapa-hinh-dai-dien-1000-trans-300x300.png 300w, https:\/\/vietnambonmuahoatrai.com.vn\/wp-content\/uploads\/2024\/10\/ruou-man-sapa-hinh-dai-dien-1000-trans-150x150.png 150w, https:\/\/vietnambonmuahoatrai.com.vn\/wp-content\/uploads\/2024\/10\/ruou-man-sapa-hinh-dai-dien-1000-trans-768x768.png 768w, https:\/\/vietnambonmuahoatrai.com.vn\/wp-content\/uploads\/2024\/10\/ruou-man-sapa-hinh-dai-dien-1000-trans-12x12.png 12w\" sizes=\"(max-width: 1000px) 100vw, 1000px\" \/><\/div><div class=\"noi-dung-san-pham\"><div class=\"san-pham-text\"><h4>Plum Wine<\/h4><\/div><\/div><\/a><\/div><div class=\"san-pham-item\"><a href=\"https:\/\/vietnambonmuahoatrai.com.vn\/en\/san_pham\/ruou-mo-sapa\/\"><div class=\"hinh-dai-dien\"><img decoding=\"async\" width=\"1000\" height=\"1000\" src=\"https:\/\/vietnambonmuahoatrai.com.vn\/wp-content\/uploads\/2024\/07\/ruou-mo-sapa-hinh-dai-dien-1000-trans.webp\" class=\"attachment-post-thumbnail size-post-thumbnail wp-post-image\" alt=\"\" srcset=\"https:\/\/vietnambonmuahoatrai.com.vn\/wp-content\/uploads\/2024\/07\/ruou-mo-sapa-hinh-dai-dien-1000-trans.webp 1000w, https:\/\/vietnambonmuahoatrai.com.vn\/wp-content\/uploads\/2024\/07\/ruou-mo-sapa-hinh-dai-dien-1000-trans-300x300.webp 300w, https:\/\/vietnambonmuahoatrai.com.vn\/wp-content\/uploads\/2024\/07\/ruou-mo-sapa-hinh-dai-dien-1000-trans-150x150.webp 150w, https:\/\/vietnambonmuahoatrai.com.vn\/wp-content\/uploads\/2024\/07\/ruou-mo-sapa-hinh-dai-dien-1000-trans-768x768.webp 768w, https:\/\/vietnambonmuahoatrai.com.vn\/wp-content\/uploads\/2024\/07\/ruou-mo-sapa-hinh-dai-dien-1000-trans-12x12.webp 12w\" sizes=\"(max-width: 1000px) 100vw, 1000px\" \/><\/div><div class=\"noi-dung-san-pham\"><div class=\"san-pham-text\"><h4>Sapa Apricot Wine<\/h4><\/div><\/div><\/a><\/div><\/div>\t\t\t<\/div>\n            \n        \t\t\t\t<\/div>\n\t\t\t\t<\/div>\n\t\t\t\t\t<\/div>\n\t\t\t\t<\/div>\n\t\t<div class=\"elementor-element elementor-element-fe8cbf7 e-flex e-con-boxed e-con e-parent\" data-id=\"fe8cbf7\" data-element_type=\"container\" data-settings=\"{&quot;background_background&quot;:&quot;classic&quot;}\">\n\t\t\t\t\t<div class=\"e-con-inner\">\n\t\t\t\t<div class=\"elementor-element elementor-element-d26cf1c elementor-widget elementor-widget-heading\" data-id=\"d26cf1c\" data-element_type=\"widget\" data-widget_type=\"heading.default\">\n\t\t\t\t<div class=\"elementor-widget-container\">\n\t\t\t\t\t<h2 class=\"elementor-heading-title elementor-size-default\">Our Distributed Products<\/h2>\t\t\t\t<\/div>\n\t\t\t\t<\/div>\n\t\t\t\t<div class=\"elementor-element elementor-element-51676f3 elementor-widget elementor-widget-theweb_categories_menu\" data-id=\"51676f3\" data-element_type=\"widget\" data-widget_type=\"theweb_categories_menu.default\">\n\t\t\t\t<div class=\"elementor-widget-container\">\n\t\t\t\t\t            <!-- Slider main container -->\n\t\t\t\n            <div class=\"swiper categories_menu_carousel\" >\n\t\t\t\t<!-- Additional required wrapper -->\n\t\t\t\t<div class=\"swiper-wrapper\">\n\t\t\t\t\t<!-- Slides -->\n\t\t\t\t\t\t\t\t\t\t<div class=\"swiper-slide\">\n\t\t\t\t\t\t<div class=\"product_term_item\" data-term=\"98\" data-parents-term=\"7\"><img decoding=\"async\" width=\"400\" src=\"https:\/\/vietnambonmuahoatrai.com.vn\/wp-content\/uploads\/2024\/07\/do-choi-tre-em.webp\"\/><h5>Toys<\/h5><\/div>\t\t\t\t\t<\/div>\n\t\t\t\t\t\t\t\t\t\t<div class=\"swiper-slide\">\n\t\t\t\t\t\t<div class=\"product_term_item\" data-term=\"100\" data-parents-term=\"7\"><img decoding=\"async\" width=\"400\" src=\"https:\/\/vietnambonmuahoatrai.com.vn\/wp-content\/uploads\/2024\/07\/qua-luu-niem.webp\"\/><h5>Souvenirs<\/h5><\/div>\t\t\t\t\t<\/div>\n\t\t\t\t\t\t\t\t\t\t<div class=\"swiper-slide\">\n\t\t\t\t\t\t<div class=\"product_term_item\" data-term=\"97\" data-parents-term=\"7\"><img decoding=\"async\" width=\"400\" src=\"https:\/\/vietnambonmuahoatrai.com.vn\/wp-content\/uploads\/2024\/07\/thoi-trang.webp\"\/><h5>Fashion<\/h5><\/div>\t\t\t\t\t<\/div>\n\t\t\t\t\t\t\t\t\t\t<div class=\"swiper-slide\">\n\t\t\t\t\t\t<div class=\"product_term_item\" data-term=\"99\" data-parents-term=\"7\"><img decoding=\"async\" width=\"400\" src=\"https:\/\/vietnambonmuahoatrai.com.vn\/wp-content\/uploads\/2024\/07\/tam-linh-phuong-dong.webp\"\/><h5>Eastern Spirituality<\/h5><\/div>\t\t\t\t\t<\/div>\n\t\t\t\t\t\t\t\t\t<\/div>\n\t\t\t\t\t\t\t\t<!-- If we need navigation buttons -->\n\t\t\t\t<div class=\"ms-swiper-button-prev\"><\/div>\n\t\t\t\t<div class=\"ms-swiper-button-next\"><\/div>\n\t\t\t\t            <\/div>\n\t\t\t<div class=\"product-list\" data-parents=\"7\">\n\t\t\t\t<div class=\"danh-sach-san-pham\"><div class=\"san-pham-item\"><a href=\"https:\/\/vietnambonmuahoatrai.com.vn\/en\/san_pham\/su-tu-bobi\/\"><div class=\"hinh-dai-dien\"><img loading=\"lazy\" decoding=\"async\" width=\"1024\" height=\"1024\" src=\"https:\/\/vietnambonmuahoatrai.com.vn\/wp-content\/uploads\/2024\/08\/Thu-Bobi-5.png\" class=\"attachment-post-thumbnail size-post-thumbnail wp-post-image\" alt=\"\" srcset=\"https:\/\/vietnambonmuahoatrai.com.vn\/wp-content\/uploads\/2024\/08\/Thu-Bobi-5.png 1024w, https:\/\/vietnambonmuahoatrai.com.vn\/wp-content\/uploads\/2024\/08\/Thu-Bobi-5-300x300.png 300w, https:\/\/vietnambonmuahoatrai.com.vn\/wp-content\/uploads\/2024\/08\/Thu-Bobi-5-150x150.png 150w, https:\/\/vietnambonmuahoatrai.com.vn\/wp-content\/uploads\/2024\/08\/Thu-Bobi-5-768x768.png 768w, https:\/\/vietnambonmuahoatrai.com.vn\/wp-content\/uploads\/2024\/08\/Thu-Bobi-5-12x12.png 12w\" sizes=\"(max-width: 1024px) 100vw, 1024px\" \/><\/div><div class=\"noi-dung-san-pham\"><div class=\"san-pham-text\"><h4>Bobi Lion<\/h4><\/div><\/div><\/a><\/div><div class=\"san-pham-item\"><a href=\"https:\/\/vietnambonmuahoatrai.com.vn\/en\/san_pham\/kangaroo-bobi\/\"><div class=\"hinh-dai-dien\"><img loading=\"lazy\" decoding=\"async\" width=\"1024\" height=\"1024\" src=\"https:\/\/vietnambonmuahoatrai.com.vn\/wp-content\/uploads\/2024\/08\/Thu-Bobi-3.png\" class=\"attachment-post-thumbnail size-post-thumbnail wp-post-image\" alt=\"\" srcset=\"https:\/\/vietnambonmuahoatrai.com.vn\/wp-content\/uploads\/2024\/08\/Thu-Bobi-3.png 1024w, https:\/\/vietnambonmuahoatrai.com.vn\/wp-content\/uploads\/2024\/08\/Thu-Bobi-3-300x300.png 300w, https:\/\/vietnambonmuahoatrai.com.vn\/wp-content\/uploads\/2024\/08\/Thu-Bobi-3-150x150.png 150w, https:\/\/vietnambonmuahoatrai.com.vn\/wp-content\/uploads\/2024\/08\/Thu-Bobi-3-768x768.png 768w, https:\/\/vietnambonmuahoatrai.com.vn\/wp-content\/uploads\/2024\/08\/Thu-Bobi-3-12x12.png 12w\" sizes=\"(max-width: 1024px) 100vw, 1024px\" \/><\/div><div class=\"noi-dung-san-pham\"><div class=\"san-pham-text\"><h4>Bobi Kangaroo<\/h4><\/div><\/div><\/a><\/div><div class=\"san-pham-item\"><a href=\"https:\/\/vietnambonmuahoatrai.com.vn\/en\/san_pham\/cao-bobi\/\"><div class=\"hinh-dai-dien\"><img loading=\"lazy\" decoding=\"async\" width=\"1024\" height=\"1024\" src=\"https:\/\/vietnambonmuahoatrai.com.vn\/wp-content\/uploads\/2024\/08\/Thu-Bobi-.png\" class=\"attachment-post-thumbnail size-post-thumbnail wp-post-image\" alt=\"\" srcset=\"https:\/\/vietnambonmuahoatrai.com.vn\/wp-content\/uploads\/2024\/08\/Thu-Bobi-.png 1024w, https:\/\/vietnambonmuahoatrai.com.vn\/wp-content\/uploads\/2024\/08\/Thu-Bobi--300x300.png 300w, https:\/\/vietnambonmuahoatrai.com.vn\/wp-content\/uploads\/2024\/08\/Thu-Bobi--150x150.png 150w, https:\/\/vietnambonmuahoatrai.com.vn\/wp-content\/uploads\/2024\/08\/Thu-Bobi--768x768.png 768w, https:\/\/vietnambonmuahoatrai.com.vn\/wp-content\/uploads\/2024\/08\/Thu-Bobi--12x12.png 12w\" sizes=\"(max-width: 1024px) 100vw, 1024px\" \/><\/div><div class=\"noi-dung-san-pham\"><div class=\"san-pham-text\"><h4>Bobi Fox<\/h4><\/div><\/div><\/a><\/div><\/div>\t\t\t<\/div>\n            \n        \t\t\t\t<\/div>\n\t\t\t\t<\/div>\n\t\t\t\t\t<\/div>\n\t\t\t\t<\/div>\n\t\t<div class=\"elementor-element elementor-element-9276fb7 e-flex e-con-boxed e-con e-parent\" data-id=\"9276fb7\" data-element_type=\"container\">\n\t\t\t\t\t<div class=\"e-con-inner\">\n\t\t\t\t\t<\/div>\n\t\t\t\t<\/div>\n\t\t\t\t<\/div>","protected":false},"excerpt":{"rendered":"<p>S\u1ea3n ph\u1ea9m c\u1ee7a ch\u00fang t\u00f4i R\u01b0\u1ee3u C\u00e0 Ph\u00ea H\u1ea1t dinh d\u01b0\u1ee1ng B\u00e1nh P\u00eda Hoa qu\u1ea3 s\u1ea5y Socola Th\u1ee7 c\u00f4ng m\u1ef9 ngh\u1ec7 R\u01b0\u1ee3u D\u00e2u T\u1eb1m R\u01b0\u1ee3u m\u1eadn Sapa R\u01b0\u1ee3u M\u01a1 Sapa S\u1ea3n ph\u1ea9m ch\u00fang t\u00f4i ph\u00e2n ph\u1ed1i \u0110\u1ed3 ch\u01a1i tr\u1ebb em Qu\u00e0 l\u01b0u ni\u1ec7m Th\u1eddi trang T\u00e2m linh Ph\u01b0\u01a1ng \u0110\u00f4ng S\u01b0 t\u1eed Bobi Kangaroo Bobi C\u00e1o [&hellip;]<\/p>","protected":false},"author":1,"featured_media":0,"parent":0,"menu_order":0,"comment_status":"closed","ping_status":"closed","template":"elementor_header_footer","meta":{"footnotes":""},"class_list":["post-92","page","type-page","status-publish","hentry"],"acf":[],"_links":{"self":[{"href":"https:\/\/vietnambonmuahoatrai.com.vn\/en\/wp-json\/wp\/v2\/pages\/92","targetHints":{"allow":["GET"]}}],"collection":[{"href":"https:\/\/vietnambonmuahoatrai.com.vn\/en\/wp-json\/wp\/v2\/pages"}],"about":[{"href":"https:\/\/vietnambonmuahoatrai.com.vn\/en\/wp-json\/wp\/v2\/types\/page"}],"author":[{"embeddable":true,"href":"https:\/\/vietnambonmuahoatrai.com.vn\/en\/wp-json\/wp\/v2\/users\/1"}],"replies":[{"embeddable":true,"href":"https:\/\/vietnambonmuahoatrai.com.vn\/en\/wp-json\/wp\/v2\/comments?post=92"}],"version-history":[{"count":0,"href":"https:\/\/vietnambonmuahoatrai.com.vn\/en\/wp-json\/wp\/v2\/pages\/92\/revisions"}],"wp:attachment":[{"href":"https:\/\/vietnambonmuahoatrai.com.vn\/en\/wp-json\/wp\/v2\/media?parent=92"}],"curies":[{"name":"wp","href":"https:\/\/api.w.org\/{rel}","templated":true}]}}